{"id":7708,"date":"2021-11-22T07:40:41","date_gmt":"2021-11-22T07:40:41","guid":{"rendered":"https:\/\/demo2.tokomoo.com\/livre-el\/?page_id=7708"},"modified":"2025-05-23T10:59:05","modified_gmt":"2025-05-23T10:59:05","slug":"contact-elementor","status":"publish","type":"page","link":"https:\/\/expobooktitle.ro\/2024\/contact-elementor\/","title":{"rendered":"Contact"},"content":{"rendered":"\t\t<div data-elementor-type=\"wp-page\" data-elementor-id=\"7708\" class=\"elementor elementor-7708\">\n\t\t\t\t\t\t<section class=\"elementor-section elementor-top-section elementor-element elementor-element-2f8f0ae elementor-section-boxed elementor-section-height-default elementor-section-height-default\" data-id=\"2f8f0ae\" data-element_type=\"section\" data-settings=\"{&quot;background_background&quot;:&quot;classic&quot;}\">\n\t\t\t\t\t\t\t<div class=\"elementor-background-overlay\"><\/div>\n\t\t\t\t\t\t\t<div class=\"elementor-container elementor-column-gap-default\">\n\t\t\t\t\t<div class=\"elementor-column elementor-col-100 elementor-top-column elementor-element elementor-element-d98ed74\" data-id=\"d98ed74\" data-element_type=\"column\">\n\t\t\t<div class=\"elementor-widget-wrap elementor-element-populated\">\n\t\t\t\t\t\t<div class=\"elementor-element elementor-element-5b04135 elementor-widget elementor-widget-heading\" data-id=\"5b04135\" data-element_type=\"widget\" data-widget_type=\"heading.default\">\n\t\t\t\t<div class=\"elementor-widget-container\">\n\t\t\t\t\t<h2 class=\"elementor-heading-title elementor-size-default\">Mergem cu cartea ta p\u00e2n\u0103 \u00een p\u00e2nzele albe<\/h2>\t\t\t\t<\/div>\n\t\t\t\t<\/div>\n\t\t\t\t<div class=\"elementor-element elementor-element-35b1716 elementor-widget elementor-widget-heading\" data-id=\"35b1716\" data-element_type=\"widget\" data-widget_type=\"heading.default\">\n\t\t\t\t<div class=\"elementor-widget-container\">\n\t\t\t\t\t<h2 class=\"elementor-heading-title elementor-size-default\">Te rug\u0103m s\u0103 ne contactezi pentru carte (cu p\u00e2nzele ne descurc\u0103m!)<\/h2>\t\t\t\t<\/div>\n\t\t\t\t<\/div>\n\t\t\t\t\t<\/div>\n\t\t<\/div>\n\t\t\t\t\t<\/div>\n\t\t<\/section>\n\t\t\t\t<section class=\"elementor-section elementor-top-section elementor-element elementor-element-c779a94 elementor-section-boxed elementor-section-height-default elementor-section-height-default\" data-id=\"c779a94\" data-element_type=\"section\" data-settings=\"{&quot;background_background&quot;:&quot;classic&quot;}\">\n\t\t\t\t\t\t<div class=\"elementor-container elementor-column-gap-default\">\n\t\t\t\t\t<div class=\"elementor-column elementor-col-100 elementor-top-column elementor-element elementor-element-e55bb6b\" data-id=\"e55bb6b\" data-element_type=\"column\">\n\t\t\t<div class=\"elementor-widget-wrap elementor-element-populated\">\n\t\t\t\t\t\t<div class=\"elementor-element elementor-element-82c1ab4 elementor-widget elementor-widget-heading\" data-id=\"82c1ab4\" data-element_type=\"widget\" data-widget_type=\"heading.default\">\n\t\t\t\t<div class=\"elementor-widget-container\">\n\t\t\t\t\t<h2 class=\"elementor-heading-title elementor-size-default\">Particip\u0103rile noastre<\/h2>\t\t\t\t<\/div>\n\t\t\t\t<\/div>\n\t\t\t\t<div class=\"elementor-element elementor-element-3b32e4b elementor-widget elementor-widget-spacer\" data-id=\"3b32e4b\" data-element_type=\"widget\" data-widget_type=\"spacer.default\">\n\t\t\t\t<div class=\"elementor-widget-container\">\n\t\t\t\t\t\t\t<div class=\"elementor-spacer\">\n\t\t\t<div class=\"elementor-spacer-inner\"><\/div>\n\t\t<\/div>\n\t\t\t\t\t\t<\/div>\n\t\t\t\t<\/div>\n\t\t\t\t<section class=\"elementor-section elementor-inner-section elementor-element elementor-element-145ce35 elementor-section-boxed elementor-section-height-default elementor-section-height-default\" data-id=\"145ce35\" data-element_type=\"section\">\n\t\t\t\t\t\t<div class=\"elementor-container elementor-column-gap-default\">\n\t\t\t\t\t<div class=\"elementor-column elementor-col-33 elementor-inner-column elementor-element elementor-element-4c9562c\" data-id=\"4c9562c\" data-element_type=\"column\">\n\t\t\t<div class=\"elementor-widget-wrap elementor-element-populated\">\n\t\t\t\t\t\t<div class=\"elementor-element elementor-element-198eaa6 elementor-position-top elementor-widget elementor-widget-image-box\" data-id=\"198eaa6\" data-element_type=\"widget\" data-widget_type=\"image-box.default\">\n\t\t\t\t<div class=\"elementor-widget-container\">\n\t\t\t\t\t<div class=\"elementor-image-box-wrapper\"><figure class=\"elementor-image-box-img\"><img fetchpriority=\"high\" decoding=\"async\" width=\"500\" height=\"500\" src=\"https:\/\/expobooktitle.ro\/2024\/wp-content\/uploads\/2025\/05\/finalfrontier2012-044-500x500.jpg\" class=\"attachment-livre_collection size-livre_collection wp-image-8121\" alt=\"\" srcset=\"https:\/\/expobooktitle.ro\/2024\/wp-content\/uploads\/2025\/05\/finalfrontier2012-044-500x500.jpg 500w, https:\/\/expobooktitle.ro\/2024\/wp-content\/uploads\/2025\/05\/finalfrontier2012-044-150x150.jpg 150w, https:\/\/expobooktitle.ro\/2024\/wp-content\/uploads\/2025\/05\/finalfrontier2012-044-80x80.jpg 80w, https:\/\/expobooktitle.ro\/2024\/wp-content\/uploads\/2025\/05\/finalfrontier2012-044-400x400.jpg 400w, https:\/\/expobooktitle.ro\/2024\/wp-content\/uploads\/2025\/05\/finalfrontier2012-044-200x200.jpg 200w, https:\/\/expobooktitle.ro\/2024\/wp-content\/uploads\/2025\/05\/finalfrontier2012-044-100x100.jpg 100w\" sizes=\"(max-width: 500px) 100vw, 500px\" \/><\/figure><div class=\"elementor-image-box-content\"><h3 class=\"elementor-image-box-title\">Final Frontier 2012<\/h3><\/div><\/div>\t\t\t\t<\/div>\n\t\t\t\t<\/div>\n\t\t\t\t\t<\/div>\n\t\t<\/div>\n\t\t\t\t<div class=\"elementor-column elementor-col-33 elementor-inner-column elementor-element elementor-element-c0718c0\" data-id=\"c0718c0\" data-element_type=\"column\">\n\t\t\t<div class=\"elementor-widget-wrap elementor-element-populated\">\n\t\t\t\t\t\t<div class=\"elementor-element elementor-element-101c624 elementor-position-top elementor-widget elementor-widget-image-box\" data-id=\"101c624\" data-element_type=\"widget\" data-widget_type=\"image-box.default\">\n\t\t\t\t<div class=\"elementor-widget-container\">\n\t\t\t\t\t<div class=\"elementor-image-box-wrapper\"><figure class=\"elementor-image-box-img\"><img decoding=\"async\" width=\"500\" height=\"500\" src=\"https:\/\/expobooktitle.ro\/2024\/wp-content\/uploads\/2025\/05\/slide0-EBT_Ansamblu-500x500.jpg\" class=\"attachment-livre_collection size-livre_collection wp-image-8119\" alt=\"\" srcset=\"https:\/\/expobooktitle.ro\/2024\/wp-content\/uploads\/2025\/05\/slide0-EBT_Ansamblu-500x500.jpg 500w, https:\/\/expobooktitle.ro\/2024\/wp-content\/uploads\/2025\/05\/slide0-EBT_Ansamblu-150x150.jpg 150w, https:\/\/expobooktitle.ro\/2024\/wp-content\/uploads\/2025\/05\/slide0-EBT_Ansamblu-80x80.jpg 80w, https:\/\/expobooktitle.ro\/2024\/wp-content\/uploads\/2025\/05\/slide0-EBT_Ansamblu-400x400.jpg 400w, https:\/\/expobooktitle.ro\/2024\/wp-content\/uploads\/2025\/05\/slide0-EBT_Ansamblu-200x200.jpg 200w, https:\/\/expobooktitle.ro\/2024\/wp-content\/uploads\/2025\/05\/slide0-EBT_Ansamblu-100x100.jpg 100w\" sizes=\"(max-width: 500px) 100vw, 500px\" \/><\/figure><div class=\"elementor-image-box-content\"><h3 class=\"elementor-image-box-title\">Gaudeamus 2014<\/h3><\/div><\/div>\t\t\t\t<\/div>\n\t\t\t\t<\/div>\n\t\t\t\t\t<\/div>\n\t\t<\/div>\n\t\t\t\t<div class=\"elementor-column elementor-col-33 elementor-inner-column elementor-element elementor-element-2ed5356\" data-id=\"2ed5356\" data-element_type=\"column\">\n\t\t\t<div class=\"elementor-widget-wrap elementor-element-populated\">\n\t\t\t\t\t\t<div class=\"elementor-element elementor-element-7d902e7 elementor-position-top elementor-widget elementor-widget-image-box\" data-id=\"7d902e7\" data-element_type=\"widget\" data-widget_type=\"image-box.default\">\n\t\t\t\t<div class=\"elementor-widget-container\">\n\t\t\t\t\t<div class=\"elementor-image-box-wrapper\"><figure class=\"elementor-image-box-img\"><img decoding=\"async\" width=\"1152\" height=\"1146\" src=\"https:\/\/expobooktitle.ro\/2024\/wp-content\/uploads\/2025\/05\/2015ebt.webp\" class=\"attachment-full size-full wp-image-8100\" alt=\"\" srcset=\"https:\/\/expobooktitle.ro\/2024\/wp-content\/uploads\/2025\/05\/2015ebt.webp 1152w, https:\/\/expobooktitle.ro\/2024\/wp-content\/uploads\/2025\/05\/2015ebt-300x298.webp 300w, https:\/\/expobooktitle.ro\/2024\/wp-content\/uploads\/2025\/05\/2015ebt-1024x1019.webp 1024w, https:\/\/expobooktitle.ro\/2024\/wp-content\/uploads\/2025\/05\/2015ebt-150x150.webp 150w, https:\/\/expobooktitle.ro\/2024\/wp-content\/uploads\/2025\/05\/2015ebt-768x764.webp 768w, https:\/\/expobooktitle.ro\/2024\/wp-content\/uploads\/2025\/05\/2015ebt-80x80.webp 80w, https:\/\/expobooktitle.ro\/2024\/wp-content\/uploads\/2025\/05\/2015ebt-345x343.webp 345w, https:\/\/expobooktitle.ro\/2024\/wp-content\/uploads\/2025\/05\/2015ebt-200x200.webp 200w, https:\/\/expobooktitle.ro\/2024\/wp-content\/uploads\/2025\/05\/2015ebt-402x400.jpg 402w, https:\/\/expobooktitle.ro\/2024\/wp-content\/uploads\/2025\/05\/2015ebt-100x100.jpg 100w\" sizes=\"(max-width: 1152px) 100vw, 1152px\" \/><\/figure><div class=\"elementor-image-box-content\"><h3 class=\"elementor-image-box-title\">EBT Gaudeamus 2015<\/h3><\/div><\/div>\t\t\t\t<\/div>\n\t\t\t\t<\/div>\n\t\t\t\t\t<\/div>\n\t\t<\/div>\n\t\t\t\t\t<\/div>\n\t\t<\/section>\n\t\t\t\t<section class=\"elementor-section elementor-inner-section elementor-element elementor-element-0dac140 elementor-section-boxed elementor-section-height-default elementor-section-height-default\" data-id=\"0dac140\" data-element_type=\"section\">\n\t\t\t\t\t\t<div class=\"elementor-container elementor-column-gap-default\">\n\t\t\t\t\t<div class=\"elementor-column elementor-col-33 elementor-inner-column elementor-element elementor-element-22089b9\" data-id=\"22089b9\" data-element_type=\"column\">\n\t\t\t<div class=\"elementor-widget-wrap elementor-element-populated\">\n\t\t\t\t\t\t<div class=\"elementor-element elementor-element-14faeac elementor-position-top elementor-widget elementor-widget-image-box\" data-id=\"14faeac\" data-element_type=\"widget\" data-widget_type=\"image-box.default\">\n\t\t\t\t<div class=\"elementor-widget-container\">\n\t\t\t\t\t<div class=\"elementor-image-box-wrapper\"><figure class=\"elementor-image-box-img\"><img loading=\"lazy\" decoding=\"async\" width=\"500\" height=\"500\" src=\"https:\/\/expobooktitle.ro\/2024\/wp-content\/uploads\/2025\/05\/12325335_935960956480736_471094072_n-500x500.jpg\" class=\"attachment-livre_collection size-livre_collection wp-image-8122\" alt=\"\" srcset=\"https:\/\/expobooktitle.ro\/2024\/wp-content\/uploads\/2025\/05\/12325335_935960956480736_471094072_n-500x500.jpg 500w, https:\/\/expobooktitle.ro\/2024\/wp-content\/uploads\/2025\/05\/12325335_935960956480736_471094072_n-150x150.jpg 150w, https:\/\/expobooktitle.ro\/2024\/wp-content\/uploads\/2025\/05\/12325335_935960956480736_471094072_n-80x80.jpg 80w, https:\/\/expobooktitle.ro\/2024\/wp-content\/uploads\/2025\/05\/12325335_935960956480736_471094072_n-400x400.jpg 400w, https:\/\/expobooktitle.ro\/2024\/wp-content\/uploads\/2025\/05\/12325335_935960956480736_471094072_n-200x200.jpg 200w, https:\/\/expobooktitle.ro\/2024\/wp-content\/uploads\/2025\/05\/12325335_935960956480736_471094072_n-100x100.jpg 100w\" sizes=\"(max-width: 500px) 100vw, 500px\" \/><\/figure><div class=\"elementor-image-box-content\"><h3 class=\"elementor-image-box-title\">Gaudeamus 2016<\/h3><\/div><\/div>\t\t\t\t<\/div>\n\t\t\t\t<\/div>\n\t\t\t\t\t<\/div>\n\t\t<\/div>\n\t\t\t\t<div class=\"elementor-column elementor-col-33 elementor-inner-column elementor-element elementor-element-cd097aa\" data-id=\"cd097aa\" data-element_type=\"column\">\n\t\t\t<div class=\"elementor-widget-wrap elementor-element-populated\">\n\t\t\t\t\t\t<div class=\"elementor-element elementor-element-37d9b6a elementor-position-top elementor-widget elementor-widget-image-box\" data-id=\"37d9b6a\" data-element_type=\"widget\" data-widget_type=\"image-box.default\">\n\t\t\t\t<div class=\"elementor-widget-container\">\n\t\t\t\t\t<div class=\"elementor-image-box-wrapper\"><figure class=\"elementor-image-box-img\"><img loading=\"lazy\" decoding=\"async\" width=\"500\" height=\"500\" src=\"https:\/\/expobooktitle.ro\/2024\/wp-content\/uploads\/2025\/05\/autographial_aluca-500x500.jpg\" class=\"attachment-livre_collection size-livre_collection wp-image-8124\" alt=\"\" srcset=\"https:\/\/expobooktitle.ro\/2024\/wp-content\/uploads\/2025\/05\/autographial_aluca-500x500.jpg 500w, https:\/\/expobooktitle.ro\/2024\/wp-content\/uploads\/2025\/05\/autographial_aluca-150x150.jpg 150w, https:\/\/expobooktitle.ro\/2024\/wp-content\/uploads\/2025\/05\/autographial_aluca-80x80.jpg 80w, https:\/\/expobooktitle.ro\/2024\/wp-content\/uploads\/2025\/05\/autographial_aluca-400x400.jpg 400w, https:\/\/expobooktitle.ro\/2024\/wp-content\/uploads\/2025\/05\/autographial_aluca-200x200.jpg 200w, https:\/\/expobooktitle.ro\/2024\/wp-content\/uploads\/2025\/05\/autographial_aluca-100x100.jpg 100w\" sizes=\"(max-width: 500px) 100vw, 500px\" \/><\/figure><div class=\"elementor-image-box-content\"><h3 class=\"elementor-image-box-title\">Gaudeamus 2017<\/h3><\/div><\/div>\t\t\t\t<\/div>\n\t\t\t\t<\/div>\n\t\t\t\t\t<\/div>\n\t\t<\/div>\n\t\t\t\t<div class=\"elementor-column elementor-col-33 elementor-inner-column elementor-element elementor-element-54be4cf\" data-id=\"54be4cf\" data-element_type=\"column\">\n\t\t\t<div class=\"elementor-widget-wrap elementor-element-populated\">\n\t\t\t\t\t\t<div class=\"elementor-element elementor-element-5bfe3a1 elementor-position-top elementor-widget elementor-widget-image-box\" data-id=\"5bfe3a1\" data-element_type=\"widget\" data-widget_type=\"image-box.default\">\n\t\t\t\t<div class=\"elementor-widget-container\">\n\t\t\t\t\t<div class=\"elementor-image-box-wrapper\"><figure class=\"elementor-image-box-img\"><img loading=\"lazy\" decoding=\"async\" width=\"500\" height=\"500\" src=\"https:\/\/expobooktitle.ro\/2024\/wp-content\/uploads\/2025\/05\/bookfest-500x500.jpg\" class=\"attachment-livre_collection size-livre_collection wp-image-8126\" alt=\"\" srcset=\"https:\/\/expobooktitle.ro\/2024\/wp-content\/uploads\/2025\/05\/bookfest-500x500.jpg 500w, https:\/\/expobooktitle.ro\/2024\/wp-content\/uploads\/2025\/05\/bookfest-150x150.jpg 150w, https:\/\/expobooktitle.ro\/2024\/wp-content\/uploads\/2025\/05\/bookfest-80x80.jpg 80w, https:\/\/expobooktitle.ro\/2024\/wp-content\/uploads\/2025\/05\/bookfest-400x400.jpg 400w, https:\/\/expobooktitle.ro\/2024\/wp-content\/uploads\/2025\/05\/bookfest-200x200.jpg 200w, https:\/\/expobooktitle.ro\/2024\/wp-content\/uploads\/2025\/05\/bookfest-100x100.jpg 100w\" sizes=\"(max-width: 500px) 100vw, 500px\" \/><\/figure><div class=\"elementor-image-box-content\"><h3 class=\"elementor-image-box-title\">Bookfest 2018<\/h3><\/div><\/div>\t\t\t\t<\/div>\n\t\t\t\t<\/div>\n\t\t\t\t\t<\/div>\n\t\t<\/div>\n\t\t\t\t\t<\/div>\n\t\t<\/section>\n\t\t\t\t<section class=\"elementor-section elementor-inner-section elementor-element elementor-element-8734551 elementor-section-boxed elementor-section-height-default elementor-section-height-default\" data-id=\"8734551\" data-element_type=\"section\">\n\t\t\t\t\t\t<div class=\"elementor-container elementor-column-gap-default\">\n\t\t\t\t\t<div class=\"elementor-column elementor-col-33 elementor-inner-column elementor-element elementor-element-e7c9cb4\" data-id=\"e7c9cb4\" data-element_type=\"column\">\n\t\t\t<div class=\"elementor-widget-wrap elementor-element-populated\">\n\t\t\t\t\t\t<div class=\"elementor-element elementor-element-0268e63 elementor-position-top elementor-widget elementor-widget-image-box\" data-id=\"0268e63\" data-element_type=\"widget\" data-widget_type=\"image-box.default\">\n\t\t\t\t<div class=\"elementor-widget-container\">\n\t\t\t\t\t<div class=\"elementor-image-box-wrapper\"><figure class=\"elementor-image-box-img\"><img loading=\"lazy\" decoding=\"async\" width=\"500\" height=\"500\" src=\"https:\/\/expobooktitle.ro\/2024\/wp-content\/uploads\/2025\/05\/slide8-500x500.jpg\" class=\"attachment-livre_collection size-livre_collection wp-image-8128\" alt=\"\" srcset=\"https:\/\/expobooktitle.ro\/2024\/wp-content\/uploads\/2025\/05\/slide8-500x500.jpg 500w, https:\/\/expobooktitle.ro\/2024\/wp-content\/uploads\/2025\/05\/slide8-150x150.jpg 150w, https:\/\/expobooktitle.ro\/2024\/wp-content\/uploads\/2025\/05\/slide8-80x80.jpg 80w, https:\/\/expobooktitle.ro\/2024\/wp-content\/uploads\/2025\/05\/slide8-400x400.jpg 400w, https:\/\/expobooktitle.ro\/2024\/wp-content\/uploads\/2025\/05\/slide8-200x200.jpg 200w, https:\/\/expobooktitle.ro\/2024\/wp-content\/uploads\/2025\/05\/slide8-100x100.jpg 100w\" sizes=\"(max-width: 500px) 100vw, 500px\" \/><\/figure><div class=\"elementor-image-box-content\"><h3 class=\"elementor-image-box-title\">Gaudeamus 2018<\/h3><\/div><\/div>\t\t\t\t<\/div>\n\t\t\t\t<\/div>\n\t\t\t\t\t<\/div>\n\t\t<\/div>\n\t\t\t\t<div class=\"elementor-column elementor-col-33 elementor-inner-column elementor-element elementor-element-2843a3f\" data-id=\"2843a3f\" data-element_type=\"column\">\n\t\t\t<div class=\"elementor-widget-wrap elementor-element-populated\">\n\t\t\t\t\t\t<div class=\"elementor-element elementor-element-1dcc5cd elementor-widget elementor-widget-image\" data-id=\"1dcc5cd\" data-element_type=\"widget\" data-widget_type=\"image.default\">\n\t\t\t\t<div class=\"elementor-widget-container\">\n\t\t\t\t\t\t\t\t\t\t\t\t\t\t\t<img loading=\"lazy\" decoding=\"async\" width=\"768\" height=\"512\" src=\"https:\/\/expobooktitle.ro\/2024\/wp-content\/uploads\/2025\/05\/S0177018-1024x683.jpg\" class=\"attachment-large size-large wp-image-8125\" alt=\"\" srcset=\"https:\/\/expobooktitle.ro\/2024\/wp-content\/uploads\/2025\/05\/S0177018-1024x683.jpg 1024w, https:\/\/expobooktitle.ro\/2024\/wp-content\/uploads\/2025\/05\/S0177018-300x200.jpg 300w, https:\/\/expobooktitle.ro\/2024\/wp-content\/uploads\/2025\/05\/S0177018-768x512.jpg 768w, https:\/\/expobooktitle.ro\/2024\/wp-content\/uploads\/2025\/05\/S0177018-1536x1024.jpg 1536w, https:\/\/expobooktitle.ro\/2024\/wp-content\/uploads\/2025\/05\/S0177018-2048x1365.jpg 2048w, https:\/\/expobooktitle.ro\/2024\/wp-content\/uploads\/2025\/05\/S0177018-345x230.jpg 345w, https:\/\/expobooktitle.ro\/2024\/wp-content\/uploads\/2025\/05\/S0177018-600x400.jpg 600w\" sizes=\"(max-width: 768px) 100vw, 768px\" \/>\t\t\t\t\t\t\t\t\t\t\t\t\t\t\t<\/div>\n\t\t\t\t<\/div>\n\t\t\t\t\t<\/div>\n\t\t<\/div>\n\t\t\t\t<div class=\"elementor-column elementor-col-33 elementor-inner-column elementor-element elementor-element-b769713\" data-id=\"b769713\" data-element_type=\"column\">\n\t\t\t<div class=\"elementor-widget-wrap elementor-element-populated\">\n\t\t\t\t\t\t<div class=\"elementor-element elementor-element-7586039 elementor-position-top elementor-widget elementor-widget-image-box\" data-id=\"7586039\" data-element_type=\"widget\" data-widget_type=\"image-box.default\">\n\t\t\t\t<div class=\"elementor-widget-container\">\n\t\t\t\t\t<div class=\"elementor-image-box-wrapper\"><figure class=\"elementor-image-box-img\"><img loading=\"lazy\" decoding=\"async\" width=\"500\" height=\"500\" src=\"https:\/\/expobooktitle.ro\/2024\/wp-content\/uploads\/2025\/05\/IMG-20250521-WA0017-500x500.jpg\" class=\"attachment-livre_collection size-livre_collection wp-image-8038\" alt=\"\" srcset=\"https:\/\/expobooktitle.ro\/2024\/wp-content\/uploads\/2025\/05\/IMG-20250521-WA0017-500x500.jpg 500w, https:\/\/expobooktitle.ro\/2024\/wp-content\/uploads\/2025\/05\/IMG-20250521-WA0017-150x150.webp 150w, https:\/\/expobooktitle.ro\/2024\/wp-content\/uploads\/2025\/05\/IMG-20250521-WA0017-80x80.jpg 80w, https:\/\/expobooktitle.ro\/2024\/wp-content\/uploads\/2025\/05\/IMG-20250521-WA0017-400x400.jpg 400w, https:\/\/expobooktitle.ro\/2024\/wp-content\/uploads\/2025\/05\/IMG-20250521-WA0017-200x200.jpg 200w, https:\/\/expobooktitle.ro\/2024\/wp-content\/uploads\/2025\/05\/IMG-20250521-WA0017-100x100.jpg 100w\" sizes=\"(max-width: 500px) 100vw, 500px\" \/><\/figure><div class=\"elementor-image-box-content\"><h3 class=\"elementor-image-box-title\">Gaudeamus 2024<\/h3><\/div><\/div>\t\t\t\t<\/div>\n\t\t\t\t<\/div>\n\t\t\t\t\t<\/div>\n\t\t<\/div>\n\t\t\t\t\t<\/div>\n\t\t<\/section>\n\t\t\t\t\t<\/div>\n\t\t<\/div>\n\t\t\t\t\t<\/div>\n\t\t<\/section>\n\t\t\t\t<section class=\"elementor-section elementor-top-section elementor-element elementor-element-2f02122 elementor-section-content-middle elementor-section-boxed elementor-section-height-default elementor-section-height-default\" data-id=\"2f02122\" data-element_type=\"section\">\n\t\t\t\t\t\t<div class=\"elementor-container elementor-column-gap-default\">\n\t\t\t\t\t<div class=\"elementor-column elementor-col-33 elementor-top-column elementor-element elementor-element-075867a\" data-id=\"075867a\" data-element_type=\"column\">\n\t\t\t<div class=\"elementor-widget-wrap elementor-element-populated\">\n\t\t\t\t\t\t<div class=\"elementor-element elementor-element-2127906 elementor-widget elementor-widget-heading\" data-id=\"2127906\" data-element_type=\"widget\" data-widget_type=\"heading.default\">\n\t\t\t\t<div class=\"elementor-widget-container\">\n\t\t\t\t\t<h2 class=\"elementor-heading-title elementor-size-default\">Trimite mesaj<\/h2>\t\t\t\t<\/div>\n\t\t\t\t<\/div>\n\t\t\t\t<div class=\"elementor-element elementor-element-9652ffa elementor-widget elementor-widget-text-editor\" data-id=\"9652ffa\" data-element_type=\"widget\" data-widget_type=\"text-editor.default\">\n\t\t\t\t<div class=\"elementor-widget-container\">\n\t\t\t\t\t\t\t\t\t<p>Te rug\u0103m s\u0103 fii c\u00e2t mai concis. Timpul nostru este la fel de pre\u021bios ca \u0219i al t\u0103u. \u0218i curge \u00een aceea\u0219i direc\u021bie. <\/p>\t\t\t\t\t\t\t\t<\/div>\n\t\t\t\t<\/div>\n\t\t\t\t\t<\/div>\n\t\t<\/div>\n\t\t\t\t<div class=\"elementor-column elementor-col-66 elementor-top-column elementor-element elementor-element-7404ccb\" data-id=\"7404ccb\" data-element_type=\"column\" data-settings=\"{&quot;background_background&quot;:&quot;classic&quot;}\">\n\t\t\t<div class=\"elementor-widget-wrap elementor-element-populated\">\n\t\t\t\t\t\t<div class=\"elementor-element elementor-element-6246042 elementor-widget elementor-widget-lv_contact_form_cf7\" data-id=\"6246042\" data-element_type=\"widget\" data-widget_type=\"lv_contact_form_cf7.default\">\n\t\t\t\t<div class=\"elementor-widget-container\">\n\t\t\t\t\t\t\t\t<div class=\"section-title-style\">\n\t\t\t\t\n<div class=\"wpcf7 no-js\" id=\"wpcf7-f3832-o1\" lang=\"en-US\" dir=\"ltr\" data-wpcf7-id=\"3832\">\n<div class=\"screen-reader-response\"><p role=\"status\" aria-live=\"polite\" aria-atomic=\"true\"><\/p> <ul><\/ul><\/div>\n<form action=\"\/2024\/wp-json\/wp\/v2\/pages\/7708#wpcf7-f3832-o1\" method=\"post\" class=\"wpcf7-form init\" aria-label=\"Contact form\" novalidate=\"novalidate\" data-status=\"init\">\n<div style=\"display: none;\">\n<input type=\"hidden\" name=\"_wpcf7\" value=\"3832\" \/>\n<input type=\"hidden\" name=\"_wpcf7_version\" value=\"6.0.6\" \/>\n<input type=\"hidden\" name=\"_wpcf7_locale\" value=\"en_US\" \/>\n<input type=\"hidden\" name=\"_wpcf7_unit_tag\" value=\"wpcf7-f3832-o1\" \/>\n<input type=\"hidden\" name=\"_wpcf7_container_post\" value=\"0\" \/>\n<input type=\"hidden\" name=\"_wpcf7_posted_data_hash\" value=\"\" \/>\n<\/div>\n<div class=\"tokoo-contact-form style-1\">\n\t<div class=\"row\">\n\t\t<div class=\"col-md-6\">\n\t\t\t<p><span class=\"wpcf7-form-control-wrap\" data-name=\"your-name\"><input size=\"40\" maxlength=\"400\" class=\"wpcf7-form-control wpcf7-text wpcf7-validates-as-required\" aria-required=\"true\" aria-invalid=\"false\" placeholder=\"Your Name\" value=\"\" type=\"text\" name=\"your-name\" \/><\/span>\n\t\t\t<\/p>\n\t\t<\/div>\n\t\t<div class=\"col-md-6\">\n\t\t\t<p><span class=\"wpcf7-form-control-wrap\" data-name=\"your-email\"><input size=\"40\" maxlength=\"400\" class=\"wpcf7-form-control wpcf7-email wpcf7-validates-as-required wpcf7-text wpcf7-validates-as-email\" aria-required=\"true\" aria-invalid=\"false\" placeholder=\"Your Email\" value=\"\" type=\"email\" name=\"your-email\" \/><\/span>\n\t\t\t<\/p>\n\t\t<\/div>\n\t<\/div>\n\t<div class=\"row\">\n\t\t<div class=\"col-md-12\">\n\t\t\t<p><span class=\"wpcf7-form-control-wrap\" data-name=\"your-message\"><textarea cols=\"40\" rows=\"10\" maxlength=\"2000\" class=\"wpcf7-form-control wpcf7-textarea\" aria-invalid=\"false\" name=\"your-message\">Your Message<\/textarea><\/span>\n\t\t\t<\/p>\n\t\t<\/div>\n\t<\/div>\n\t<div class=\"text-center\">\n\t\t<p><input class=\"wpcf7-form-control wpcf7-submit has-spinner\" type=\"submit\" value=\"Send Message\" \/>\n\t\t<\/p>\n\t<\/div>\n<\/div><p style=\"display: none !important;\" class=\"akismet-fields-container\" data-prefix=\"_wpcf7_ak_\"><label>&#916;<textarea name=\"_wpcf7_ak_hp_textarea\" cols=\"45\" rows=\"8\" maxlength=\"100\"><\/textarea><\/label><input type=\"hidden\" id=\"ak_js_1\" name=\"_wpcf7_ak_js\" value=\"136\"\/><script>document.getElementById( \"ak_js_1\" ).setAttribute( \"value\", ( new Date() ).getTime() );<\/script><\/p><div class=\"wpcf7-response-output\" aria-hidden=\"true\"><\/div>\n<\/form>\n<\/div>\n\t\t\t<\/div>\n\t\t\t\t\t\t<\/div>\n\t\t\t\t<\/div>\n\t\t\t\t\t<\/div>\n\t\t<\/div>\n\t\t\t\t\t<\/div>\n\t\t<\/section>\n\t\t\t\t<\/div>\n\t\t","protected":false},"excerpt":{"rendered":"<p>Mergem cu cartea ta p\u00e2n\u0103 \u00een p\u00e2nzele albe Te rug\u0103m s\u0103 ne contactezi pentru carte (cu p\u00e2nzele ne descurc\u0103m!) Particip\u0103rile<\/p>\n","protected":false},"author":1,"featured_media":0,"parent":0,"menu_order":0,"comment_status":"closed","ping_status":"closed","template":"","meta":{"footnotes":""},"class_list":["post-7708","page","type-page","status-publish","hentry","livre-type-regular"],"_links":{"self":[{"href":"https:\/\/expobooktitle.ro\/2024\/wp-json\/wp\/v2\/pages\/7708","targetHints":{"allow":["GET"]}}],"collection":[{"href":"https:\/\/expobooktitle.ro\/2024\/wp-json\/wp\/v2\/pages"}],"about":[{"href":"https:\/\/expobooktitle.ro\/2024\/wp-json\/wp\/v2\/types\/page"}],"author":[{"embeddable":true,"href":"https:\/\/expobooktitle.ro\/2024\/wp-json\/wp\/v2\/users\/1"}],"replies":[{"embeddable":true,"href":"https:\/\/expobooktitle.ro\/2024\/wp-json\/wp\/v2\/comments?post=7708"}],"version-history":[{"count":19,"href":"https:\/\/expobooktitle.ro\/2024\/wp-json\/wp\/v2\/pages\/7708\/revisions"}],"predecessor-version":[{"id":8133,"href":"https:\/\/expobooktitle.ro\/2024\/wp-json\/wp\/v2\/pages\/7708\/revisions\/8133"}],"wp:attachment":[{"href":"https:\/\/expobooktitle.ro\/2024\/wp-json\/wp\/v2\/media?parent=7708"}],"curies":[{"name":"wp","href":"https:\/\/api.w.org\/{rel}","templated":true}]}}